{"id":98470,"date":"2026-04-15T11:55:49","date_gmt":"2026-04-15T09:55:49","guid":{"rendered":"https:\/\/beautyspace.dk\/shop\/?post_type=product&#038;p=98470"},"modified":"2026-05-12T21:58:53","modified_gmt":"2026-05-12T19:58:53","slug":"glow-rutinen-med-pha-a-vitamin","status":"publish","type":"product","link":"https:\/\/beautyspace.dk\/shop\/produkt\/glow-rutinen-med-pha-a-vitamin\/","title":{"rendered":"Glow-rutine duo med PHA &#038; A-vitamin"},"content":{"rendered":"<p>F\u00e5 samlet den bedste duo-rutine til mere gl\u00f8d og mere kollagen, n\u00e5r du bruger Ansigtsgl\u00f8den som undertr\u00f8je under Ansigtscremen med A-vitamin om aftenen. S\u00e6ttet best\u00e5r af:<\/p>\n<p><strong>ANSIGTSGL\u00d8DEN<\/strong> som er et fugtbad af et plejende serum, som giver huden gl\u00f8d. Indholdet er let peelende, pore-proptr\u00e6kkende og fugtm\u00e6ttende. Indeholder bl.a. hyaluronsyre, k\u00e5lprotein, allantoin, m\u00e6lke- og PHA-syre \u2013 i en tyndtflydende, ikke-sticky konsistens. 100 ml.<\/p>\n<p>&amp;<\/p>\n<p><strong>ANSIGTSCREMEN<\/strong> med A-vitamin indeholder to typer af det effektive vitamin pakket ind i ro fra niacinamid, squalane, hyaluronsyre og ceramider. Til dig, der vil styrke hudbarrieren og have en mere fugtm\u00e6ttet, ensartet og selvf\u00f8lgelig mere kollagenrig hud. Let og lotionagtig i konsistensen. 50 ml.<\/p>\n<p>Vegansk, uden parfume og sat under lup og certificeret af Allergy Certified. Produceret i Danmark.<\/p>\n","protected":false},"excerpt":{"rendered":"<p>F\u00e5 samlet den bedste duo-rutine til mere gl\u00f8d og mere kollagen, n\u00e5r du bruger Ansigtsgl\u00f8den som undertr\u00f8je under Ansigtscremen med A-vitamin om aftenen. S\u00e6ttet best\u00e5r af:<\/p>\n<p><strong>ANSIGTSGL\u00d8DEN<\/strong> som er et fugtbad af et plejende serum, som giver huden gl\u00f8d. Indholdet er let peelende, pore-proptr\u00e6kkende og fugtm\u00e6ttende. Indeholder bl.a. hyaluronsyre, k\u00e5lprotein, allantoin, m\u00e6lke- og PHA-syre \u2013 i en tyndtflydende, ikke-sticky konsistens. 100 ml.<\/p>\n<p>&amp;<\/p>\n<p><strong>ANSIGTSCREMEN<\/strong> med A-vitamin indeholder to typer af det effektive vitamin pakket ind i ro fra niacinamid, squalane, hyaluronsyre og ceramider. Til dig, der vil styrke hudbarrieren og have en mere fugtm\u00e6ttet, ensartet og selvf\u00f8lgelig mere kollagenrig hud. Let og lotionagtig i konsistensen. 50 ml.<\/p>\n<p>Vegansk, uden parfume og sat under lup og certificeret af Allergy Certified. Produceret i Danmark.<\/p>\n<p>Fri fragt.<\/p>\n<p>&nbsp;<\/p>\n","protected":false},"featured_media":98554,"template":"","meta":{"_monsterinsights_skip_tracking":false,"_monsterinsights_sitenote_active":false,"_monsterinsights_sitenote_note":"","_monsterinsights_sitenote_category":0,"site-sidebar-layout":"default","site-content-layout":"","ast-site-content-layout":"default","site-content-style":"default","site-sidebar-style":"default","ast-global-header-display":"","ast-banner-title-visibility":"","ast-main-header-display":"","ast-hfb-above-header-display":"","ast-hfb-below-header-display":"","ast-hfb-mobile-header-display":"","site-post-title":"","ast-breadcrumbs-content":"","ast-featured-img":"","footer-sml-layout":"","ast-disable-related-posts":"","theme-transparent-header-meta":"default","adv-header-id-meta":"","stick-header-meta":"","header-above-stick-meta":"","header-main-stick-meta":"","header-below-stick-meta":"","astra-migrate-meta-layouts":"set","ast-page-background-enabled":"default","ast-page-background-meta":{"desktop":{"background-color":"var(--ast-global-color-5)","background-image":"","background-repeat":"repeat","background-position":"center center","background-size":"auto","background-attachment":"scroll","background-type":"","background-media":"","overlay-type":"","overlay-color":"","overlay-opacity":"","overlay-gradient":""},"tablet":{"background-color":"","background-image":"","background-repeat":"repeat","background-position":"center center","background-size":"auto","background-attachment":"scroll","background-type":"","background-media":"","overlay-type":"","overlay-color":"","overlay-opacity":"","overlay-gradient":""},"mobile":{"background-color":"","background-image":"","background-repeat":"repeat","background-position":"center center","background-size":"auto","background-attachment":"scroll","background-type":"","background-media":"","overlay-type":"","overlay-color":"","overlay-opacity":"","overlay-gradient":""}},"ast-content-background-meta":{"desktop":{"background-color":"var(--ast-global-color-4)","background-image":"","background-repeat":"repeat","background-position":"center center","background-size":"auto","background-attachment":"scroll","background-type":"","background-media":"","overlay-type":"","overlay-color":"","overlay-opacity":"","overlay-gradient":""},"tablet":{"background-color":"var(--ast-global-color-4)","background-image":"","background-repeat":"repeat","background-position":"center center","background-size":"auto","background-attachment":"scroll","background-type":"","background-media":"","overlay-type":"","overlay-color":"","overlay-opacity":"","overlay-gradient":""},"mobile":{"background-color":"var(--ast-global-color-4)","background-image":"","background-repeat":"repeat","background-position":"center center","background-size":"auto","background-attachment":"scroll","background-type":"","background-media":"","overlay-type":"","overlay-color":"","overlay-opacity":"","overlay-gradient":""}}},"product_brand":[],"product_cat":[70],"product_tag":[],"class_list":{"0":"post-98470","1":"product","2":"type-product","3":"status-publish","4":"has-post-thumbnail","6":"product_cat-serioest-bedre-hud","7":"desktop-align-center","8":"tablet-align-left","9":"mobile-align-left","11":"first","12":"instock","13":"taxable","14":"shipping-taxable","15":"purchasable","16":"product-type-simple"},"_links":{"self":[{"href":"https:\/\/beautyspace.dk\/shop\/wp-json\/wp\/v2\/product\/98470","targetHints":{"allow":["GET"]}}],"collection":[{"href":"https:\/\/beautyspace.dk\/shop\/wp-json\/wp\/v2\/product"}],"about":[{"href":"https:\/\/beautyspace.dk\/shop\/wp-json\/wp\/v2\/types\/product"}],"wp:featuredmedia":[{"embeddable":true,"href":"https:\/\/beautyspace.dk\/shop\/wp-json\/wp\/v2\/media\/98554"}],"wp:attachment":[{"href":"https:\/\/beautyspace.dk\/shop\/wp-json\/wp\/v2\/media?parent=98470"}],"wp:term":[{"taxonomy":"product_brand","embeddable":true,"href":"https:\/\/beautyspace.dk\/shop\/wp-json\/wp\/v2\/product_brand?post=98470"},{"taxonomy":"product_cat","embeddable":true,"href":"https:\/\/beautyspace.dk\/shop\/wp-json\/wp\/v2\/product_cat?post=98470"},{"taxonomy":"product_tag","embeddable":true,"href":"https:\/\/beautyspace.dk\/shop\/wp-json\/wp\/v2\/product_tag?post=98470"}],"curies":[{"name":"wp","href":"https:\/\/api.w.org\/{rel}","templated":true}]}}